{"id":1527,"date":"2021-03-25T16:31:51","date_gmt":"2021-03-25T16:31:51","guid":{"rendered":"https:\/\/ccivyl.com.mx\/?page_id=1527"},"modified":"2021-03-25T18:51:09","modified_gmt":"2021-03-25T18:51:09","slug":"vigueta-y-bovedilla","status":"publish","type":"page","link":"https:\/\/ccivyl.com.mx\/index.php\/vigueta-y-bovedilla\/","title":{"rendered":"VIGUETA Y BOVEDILLA"},"content":{"rendered":"\t\t<div data-elementor-type=\"wp-page\" data-elementor-id=\"1527\" class=\"elementor elementor-1527\" data-elementor-settings=\"[]\">\n\t\t\t\t\t\t\t<div class=\"elementor-section-wrap\">\n\t\t\t\t\t\t\t<section class=\"elementor-section elementor-top-section elementor-element elementor-element-a40201b elementor-section-boxed elementor-section-height-default elementor-section-height-default\" data-id=\"a40201b\" data-element_type=\"section\">\n\t\t\t\t\t\t<div class=\"elementor-container elementor-column-gap-default\">\n\t\t\t\t\t<div class=\"elementor-column elementor-col-100 elementor-top-column elementor-element elementor-element-08b6533\" data-id=\"08b6533\" data-element_type=\"column\">\n\t\t\t<div class=\"elementor-widget-wrap elementor-element-populated\">\n\t\t\t\t\t\t\t\t<div class=\"elementor-element elementor-element-89112a4 elementor-widget elementor-widget-image\" data-id=\"89112a4\" data-element_type=\"widget\" data-widget_type=\"image.default\">\n\t\t\t\t<div class=\"elementor-widget-container\">\n\t\t\t\t\t<div class=\"elementor-image\">\n\t\t\t\t\t\t\t\t\t\t<img loading=\"lazy\" decoding=\"async\" width=\"437\" height=\"282\" src=\"https:\/\/ccivyl.com.mx\/wp-content\/uploads\/2021\/03\/SISTEMA-BOVEDILLA.png\" class=\"attachment-large size-large\" alt=\"\" srcset=\"https:\/\/ccivyl.com.mx\/wp-content\/uploads\/2021\/03\/SISTEMA-BOVEDILLA.png 437w, https:\/\/ccivyl.com.mx\/wp-content\/uploads\/2021\/03\/SISTEMA-BOVEDILLA-300x194.png 300w\" sizes=\"auto, (max-width: 437px) 100vw, 437px\" \/>\t\t\t\t\t\t\t\t\t\t\t<\/div>\n\t\t\t\t<\/div>\n\t\t\t\t<\/div>\n\t\t\t\t<div class=\"elementor-element elementor-element-acb8346 elementor-widget elementor-widget-text-editor\" data-id=\"acb8346\" data-element_type=\"widget\" data-widget_type=\"text-editor.default\">\n\t\t\t\t<div class=\"elementor-widget-container\">\n\t\t\t\t\t<div class=\"elementor-text-editor elementor-clearfix\"><p><span style=\"vertical-align: inherit;\"><span style=\"vertical-align: inherit;\"><span style=\"vertical-align: inherit;\"><span style=\"vertical-align: inherit;\"><span style=\"vertical-align: inherit;\"><span style=\"vertical-align: inherit;\">Los sistemas de\u00a0 <\/span><\/span><\/span><\/span><\/span><\/span><b><span style=\"vertical-align: inherit;\"><span style=\"vertical-align: inherit;\"><span style=\"vertical-align: inherit;\"><span style=\"vertical-align: inherit;\"><span style=\"vertical-align: inherit;\"><span style=\"vertical-align: inherit;\">l <\/span><\/span><\/span><\/span><\/span><\/span><\/b><b><span style=\"vertical-align: inherit;\"><span style=\"vertical-align: inherit;\"><span style=\"vertical-align: inherit;\"><span style=\"vertical-align: inherit;\"><span style=\"vertical-align: inherit;\"><span style=\"vertical-align: inherit;\">osa de viguet <\/span><\/span><\/span><\/span><\/span><\/span><\/b><b><span style=\"vertical-align: inherit;\"><span style=\"vertical-align: inherit;\"><span style=\"vertical-align: inherit;\"><span style=\"vertical-align: inherit;\"><span style=\"vertical-align: inherit;\"><span style=\"vertical-align: inherit;\">ay bovedilla<\/span><\/span><\/span><\/span><\/span><\/span><\/b><span style=\"vertical-align: inherit;\"><span style=\"vertical-align: inherit;\"><span style=\"vertical-align: inherit;\"><span style=\"vertical-align: inherit;\"><span style=\"vertical-align: inherit;\"><span style=\"vertical-align: inherit;\"> \u00a0son ampliamente utilizados en el sector de la construcci\u00f3n y son los favoritos de los ingenieros y de los arquitectos para construcciones tanto de tipo industrial, comercial y residencia.<\/span><\/span><\/span><\/span><\/span><\/span><\/p><p><span style=\"vertical-align: inherit;\"><span style=\"vertical-align: inherit;\"><span style=\"vertical-align: inherit;\"><span style=\"vertical-align: inherit;\"><span style=\"vertical-align: inherit;\"><span style=\"vertical-align: inherit;\">El sistemas de vigueta y bovedilla est\u00e1 constituido por diversos elementos portantes, que son las viguetas de alma abierta o pretensada y las bovedillas con elementos aligerantes, malla electrosoldada, capa de compresi\u00f3n y apuntalamiento provisional. <\/span><\/span><\/span><\/span><\/span><span style=\"vertical-align: inherit;\"><span style=\"vertical-align: inherit;\"><span style=\"vertical-align: inherit;\"><span style=\"vertical-align: inherit;\"><span style=\"vertical-align: inherit;\">Cada uno de estos elementos juega un papel importante y son dise\u00f1ados de esta manera para satisfacer las necesidades de carga, las cuales pueden ser desde 70 kg \/ cm2 hasta 1,000 kg \/ m2.<\/span><\/span><\/span><\/span><\/span><\/span><\/p><p><span style=\"vertical-align: inherit;\"><span style=\"vertical-align: inherit;\">Las viguetas se producen en diferentes tama\u00f1os (secci\u00f3n geom\u00e9trica) y diferentes armados, as\u00ed mismo las bovedillas tienen diferentes secciones tanto en longitud, ancho y peralte, de tal forma que se tiene una gran variedad de combinaciones que pueden satisfacer cualquier necesidad.<\/span><\/span><\/p><\/div>\n\t\t\t\t<\/div>\n\t\t\t\t<\/div>\n\t\t\t\t<div class=\"elementor-element elementor-element-82b357b elementor-widget elementor-widget-heading\" data-id=\"82b357b\" data-element_type=\"widget\" data-widget_type=\"heading.default\">\n\t\t\t\t<div class=\"elementor-widget-container\">\n\t\t\t<h2 class=\"elementor-heading-title elementor-size-large\">Caracter\u00edsticas de la vigueta y bovedilla<\/h2>\t\t<\/div>\n\t\t\t\t<\/div>\n\t\t\t\t<section class=\"elementor-section elementor-inner-section elementor-element elementor-element-f8fa46f elementor-section-boxed elementor-section-height-default elementor-section-height-default\" data-id=\"f8fa46f\" data-element_type=\"section\">\n\t\t\t\t\t\t<div class=\"elementor-container elementor-column-gap-default\">\n\t\t\t\t\t<div class=\"elementor-column elementor-col-50 elementor-inner-column elementor-element elementor-element-2afa108\" data-id=\"2afa108\" data-element_type=\"column\">\n\t\t\t<div class=\"elementor-widget-wrap elementor-element-populated\">\n\t\t\t\t\t\t\t\t<div class=\"elementor-element elementor-element-809528a elementor-widget elementor-widget-text-editor\" data-id=\"809528a\" data-element_type=\"widget\" data-widget_type=\"text-editor.default\">\n\t\t\t\t<div class=\"elementor-widget-container\">\n\t\t\t\t\t<div class=\"elementor-text-editor elementor-clearfix\"><p><b><span style=\"vertical-align: inherit;\"><span style=\"vertical-align: inherit;\">\u00a0 \u00a0 \u00a0 \u00a0 \u00a0 \u00a0 \u00a0 \u00a0 \u00a0 \u00a0 \u00a0 \u00a0 \u00a0 Rapidez y facilidad en su instalaci\u00f3n. <\/span><\/span><\/b><br \/><span style=\"vertical-align: inherit;\"><span style=\"vertical-align: inherit;\">Al ser un sistema autoportante no se necesita el encofrado base que utilizan los sistemas alternativos, reduciendo hasta en un 70% el tiempo de ejecuci\u00f3n.<\/span><\/span><\/p><p><span style=\"vertical-align: inherit;\"><span style=\"vertical-align: inherit;\">Por su ligereza estos elementos se pueden montar manualmente eliminando el costo de equipos pesados \u200b\u200by sin la necesidad de mano de obra especializada.<\/span><\/span><\/p><p><b><span style=\"vertical-align: inherit;\"><span style=\"vertical-align: inherit;\">\u00a0 \u00a0 \u00a0 \u00a0 \u00a0 \u00a0 \u00a0 \u00a0 \u00a0 \u00a0 \u00a0 \u00a0 \u00a0 \u00a0 \u00a0 \u00a0 \u00a0 \u00a0 \u00a0 \u00a0 \u00a0 \u00a0 \u00a0 \u00a0 \u00a0 \u00a0 Econom\u00eda. <\/span><\/span><\/b><br \/><span style=\"vertical-align: inherit;\"><span style=\"vertical-align: inherit;\">Los materiales en obra disminuyen considerablemente, como ejemplo el uso de la madera se reduce en un 70-80%, luego el conjunto de acero, cemento, grava y arena que se reducen hasta en un 60%.<\/span><\/span><\/p><p><span style=\"vertical-align: inherit;\"><span style=\"vertical-align: inherit;\">Por la rapidez y simplicidad en la construcci\u00f3n de sus losas de entrepisos y cubiertas, usted ahorra alrededor de un 25% en el costo total de su proyecto.<\/span><\/span><\/p><p><b><span style=\"vertical-align: inherit;\"><span style=\"vertical-align: inherit;\">\u00a0 \u00a0 \u00a0 \u00a0 \u00a0 \u00a0 \u00a0 \u00a0 \u00a0 \u00a0 \u00a0 \u00a0 \u00a0 \u00a0 \u00a0 \u00a0 \u00a0 \u00a0 \u00a0 \u00a0 \u00a0 \u00a0 \u00a0 \u00a0 \u00a0Seguridad. <\/span><\/span><\/b><br \/><span style=\"vertical-align: inherit;\"><span style=\"vertical-align: inherit;\">Es m\u00e1s resistente que otros sistemas porque los materiales que se utilizan en su fabricaci\u00f3n (acero, concreto) son de alta resistencia, adem\u00e1s de los elementos prefabricados en planta siguen un estricto control de calidad que aseguran un producto homog\u00e9neo.<\/span><\/span><\/p><p><span style=\"vertical-align: inherit;\"><span style=\"vertical-align: inherit;\">Este sistema es muy usado en lugares con actividad s\u00edsmica pues cumple con las normas vigentes para estos eventos ya que tiene la capacidad necesaria para tomar los esfuerzos rasantes por viento o sismo al comportarse como diafragma r\u00edgido, es decir, lasas trabajan en colaboraci\u00f3n con la estructura de soporte (vigas y columnas).<\/span><\/span><\/p><p><b><span style=\"vertical-align: inherit;\"><span style=\"vertical-align: inherit;\">\u00a0 \u00a0 \u00a0 \u00a0 \u00a0 \u00a0 \u00a0 \u00a0 \u00a0 \u00a0 \u00a0 \u00a0 \u00a0 \u00a0 \u00a0 \u00a0 \u00a0 \u00a0 \u00a0 \u00a0 \u00a0 \u00a0 \u00a0 \u00a0 \u00a0 \u00a0Versatilidad. <\/span><\/span><\/b><br \/><span style=\"vertical-align: inherit;\"><span style=\"vertical-align: inherit;\">Aunque se concibi\u00f3 este sistema para su aplicaci\u00f3n en las viviendas, en la realidad se ha aplicado en todo tipo de construcciones, esto por sus caracter\u00edsticas, lo que permite cubrir claros mayores sin un aumento significativo de peralte (espesor de losa).<\/span><\/span><\/p><p><span style=\"vertical-align: inherit;\"><span style=\"vertical-align: inherit;\">Puede ser utilizado en viviendas en serie, viviendas residenciales, departamentos, escuelas, oficinas, hoteles, hospitales, etc.<\/span><\/span><\/p><\/div>\n\t\t\t\t<\/div>\n\t\t\t\t<\/div>\n\t\t\t\t\t<\/div>\n\t\t<\/div>\n\t\t\t\t<div class=\"elementor-column elementor-col-50 elementor-inner-column elementor-element elementor-element-f932765\" data-id=\"f932765\" data-element_type=\"column\">\n\t\t\t<div class=\"elementor-widget-wrap elementor-element-populated\">\n\t\t\t\t\t\t\t\t<div class=\"elementor-element elementor-element-5a3f5ce elementor-invisible elementor-widget elementor-widget-heading\" data-id=\"5a3f5ce\" data-element_type=\"widget\" data-settings=\"{&quot;_animation&quot;:&quot;bounceIn&quot;}\" data-widget_type=\"heading.default\">\n\t\t\t\t<div class=\"elementor-widget-container\">\n\t\t\t<h2 class=\"elementor-heading-title elementor-size-default\"><font style=\"vertical-align: inherit;\"><font style=\"vertical-align: inherit;\"><font style=\"vertical-align: inherit;\"><font style=\"vertical-align: inherit;\">Consulta mas sobre:<\/font><\/font><\/font><\/font><\/h2>\t\t<\/div>\n\t\t\t\t<\/div>\n\t\t\t\t<div class=\"elementor-element elementor-element-be23bee elementor-invisible elementor-widget elementor-widget-image\" data-id=\"be23bee\" data-element_type=\"widget\" data-settings=\"{&quot;_animation&quot;:&quot;zoomIn&quot;}\" data-widget_type=\"image.default\">\n\t\t\t\t<div class=\"elementor-widget-container\">\n\t\t\t\t\t<div class=\"elementor-image\">\n\t\t\t\t\t\t\t<figure class=\"wp-caption\">\n\t\t\t\t\t\t\t\t\t\t\t<a href=\"https:\/\/ccivyl.com.mx\/index.php\/vigueta-de-alma-abierta\/\">\n\t\t\t\t\t\t\t<img loading=\"lazy\" decoding=\"async\" width=\"205\" height=\"205\" src=\"https:\/\/ccivyl.com.mx\/wp-content\/uploads\/2021\/03\/vigueta_abierta_0.png\" class=\"attachment-large size-large\" alt=\"\" srcset=\"https:\/\/ccivyl.com.mx\/wp-content\/uploads\/2021\/03\/vigueta_abierta_0.png 205w, https:\/\/ccivyl.com.mx\/wp-content\/uploads\/2021\/03\/vigueta_abierta_0-150x150.png 150w\" sizes=\"auto, (max-width: 205px) 100vw, 205px\" \/>\t\t\t\t\t\t\t\t<\/a>\n\t\t\t\t\t\t\t\t\t\t\t<figcaption class=\"widget-image-caption wp-caption-text\">VIGUETA DE ALMA ABIERTA<\/figcaption>\n\t\t\t\t\t\t\t\t\t\t<\/figure>\n\t\t\t\t\t<\/div>\n\t\t\t\t<\/div>\n\t\t\t\t<\/div>\n\t\t\t\t<div class=\"elementor-element elementor-element-9ba1cf5 elementor-invisible elementor-widget elementor-widget-image\" data-id=\"9ba1cf5\" data-element_type=\"widget\" data-settings=\"{&quot;_animation&quot;:&quot;zoomIn&quot;}\" data-widget_type=\"image.default\">\n\t\t\t\t<div class=\"elementor-widget-container\">\n\t\t\t\t\t<div class=\"elementor-image\">\n\t\t\t\t\t\t\t<figure class=\"wp-caption\">\n\t\t\t\t\t\t\t\t\t\t\t<a href=\"https:\/\/ccivyl.com.mx\/index.php\/vigueta-pretensada\/\">\n\t\t\t\t\t\t\t<img loading=\"lazy\" decoding=\"async\" width=\"600\" height=\"368\" src=\"https:\/\/ccivyl.com.mx\/wp-content\/uploads\/2021\/03\/vigueta-pretensada.png\" class=\"attachment-large size-large\" alt=\"\" srcset=\"https:\/\/ccivyl.com.mx\/wp-content\/uploads\/2021\/03\/vigueta-pretensada.png 600w, https:\/\/ccivyl.com.mx\/wp-content\/uploads\/2021\/03\/vigueta-pretensada-300x184.png 300w\" sizes=\"auto, (max-width: 600px) 100vw, 600px\" \/>\t\t\t\t\t\t\t\t<\/a>\n\t\t\t\t\t\t\t\t\t\t\t<figcaption class=\"widget-image-caption wp-caption-text\">VIGUETA PRETENSADA<\/figcaption>\n\t\t\t\t\t\t\t\t\t\t<\/figure>\n\t\t\t\t\t<\/div>\n\t\t\t\t<\/div>\n\t\t\t\t<\/div>\n\t\t\t\t<div class=\"elementor-element elementor-element-ba30d2b elementor-invisible elementor-widget elementor-widget-image\" data-id=\"ba30d2b\" data-element_type=\"widget\" data-settings=\"{&quot;_animation&quot;:&quot;zoomIn&quot;}\" data-widget_type=\"image.default\">\n\t\t\t\t<div class=\"elementor-widget-container\">\n\t\t\t\t\t<div class=\"elementor-image\">\n\t\t\t\t\t\t\t<figure class=\"wp-caption\">\n\t\t\t\t\t\t\t\t\t\t\t<a href=\"https:\/\/ccivyl.com.mx\/index.php\/bovedilla\/\">\n\t\t\t\t\t\t\t<img loading=\"lazy\" decoding=\"async\" width=\"500\" height=\"500\" src=\"https:\/\/ccivyl.com.mx\/wp-content\/uploads\/2021\/03\/750_qSDBnZAMe7.png\" class=\"attachment-large size-large\" alt=\"\" srcset=\"https:\/\/ccivyl.com.mx\/wp-content\/uploads\/2021\/03\/750_qSDBnZAMe7.png 500w, https:\/\/ccivyl.com.mx\/wp-content\/uploads\/2021\/03\/750_qSDBnZAMe7-300x300.png 300w, https:\/\/ccivyl.com.mx\/wp-content\/uploads\/2021\/03\/750_qSDBnZAMe7-150x150.png 150w\" sizes=\"auto, (max-width: 500px) 100vw, 500px\" \/>\t\t\t\t\t\t\t\t<\/a>\n\t\t\t\t\t\t\t\t\t\t\t<figcaption class=\"widget-image-caption wp-caption-text\">BOVEDILLA<\/figcaption>\n\t\t\t\t\t\t\t\t\t\t<\/figure>\n\t\t\t\t\t<\/div>\n\t\t\t\t<\/div>\n\t\t\t\t<\/div>\n\t\t\t\t\t<\/div>\n\t\t<\/div>\n\t\t\t\t\t\t\t<\/div>\n\t\t<\/section>\n\t\t\t\t<div class=\"elementor-element elementor-element-b941f02 elementor-widget elementor-widget-heading\" data-id=\"b941f02\" data-element_type=\"widget\" data-widget_type=\"heading.default\">\n\t\t\t\t<div class=\"elementor-widget-container\">\n\t\t\t<h2 class=\"elementor-heading-title elementor-size-large\">\nestructura de un alosa de vigueta y bovedilla<\/h2>\t\t<\/div>\n\t\t\t\t<\/div>\n\t\t\t\t<div class=\"elementor-element elementor-element-aa4619f elementor-widget elementor-widget-image\" data-id=\"aa4619f\" data-element_type=\"widget\" data-widget_type=\"image.default\">\n\t\t\t\t<div class=\"elementor-widget-container\">\n\t\t\t\t\t<div class=\"elementor-image\">\n\t\t\t\t\t\t\t\t\t\t<img loading=\"lazy\" decoding=\"async\" width=\"1024\" height=\"296\" src=\"https:\/\/ccivyl.com.mx\/wp-content\/uploads\/2021\/03\/vigueta-y-bovedilla-1024x296.png\" class=\"attachment-large size-large\" alt=\"\" srcset=\"https:\/\/ccivyl.com.mx\/wp-content\/uploads\/2021\/03\/vigueta-y-bovedilla-1024x296.png 1024w, https:\/\/ccivyl.com.mx\/wp-content\/uploads\/2021\/03\/vigueta-y-bovedilla-300x87.png 300w, https:\/\/ccivyl.com.mx\/wp-content\/uploads\/2021\/03\/vigueta-y-bovedilla-768x222.png 768w, https:\/\/ccivyl.com.mx\/wp-content\/uploads\/2021\/03\/vigueta-y-bovedilla.png 1120w\" sizes=\"auto, (max-width: 1024px) 100vw, 1024px\" \/>\t\t\t\t\t\t\t\t\t\t\t<\/div>\n\t\t\t\t<\/div>\n\t\t\t\t<\/div>\n\t\t\t\t<div class=\"elementor-element elementor-element-a28c219 elementor-invisible elementor-widget elementor-widget-text-editor\" data-id=\"a28c219\" data-element_type=\"widget\" data-settings=\"{&quot;_animation&quot;:&quot;zoomIn&quot;}\" data-widget_type=\"text-editor.default\">\n\t\t\t\t<div class=\"elementor-widget-container\">\n\t\t\t\t\t<div class=\"elementor-text-editor elementor-clearfix\"><p><span style=\"color: red; font-family: Arial, sans-serif; font-size: 17.5pt; font-weight: var( --e-global-typography-text-font-weight );\"><span style=\"vertical-align: inherit;\"><span style=\"vertical-align: inherit;\"><span style=\"vertical-align: inherit;\"><span style=\"vertical-align: inherit;\">Si tienes dudas o requieres de m\u00e1s informaci\u00f3n <\/span><\/span><\/span><\/span><\/span><span style=\"color: red; font-family: Arial, sans-serif; font-size: 17.5pt; font-weight: var( --e-global-typography-text-font-weight );\"><span style=\"vertical-align: inherit;\"><span style=\"vertical-align: inherit;\"><span style=\"vertical-align: inherit;\"><span style=\"vertical-align: inherit;\">, cont\u00e1ctanos, con gusto te atenderemos.\u00a0<\/span><\/span><\/span><\/span><\/span><\/p><\/div>\n\t\t\t\t<\/div>\n\t\t\t\t<\/div>\n\t\t\t\t<div class=\"elementor-element elementor-element-9162234 elementor-shape-rounded elementor-grid-0 e-grid-align-center elementor-widget elementor-widget-social-icons\" data-id=\"9162234\" data-element_type=\"widget\" data-widget_type=\"social-icons.default\">\n\t\t\t\t<div class=\"elementor-widget-container\">\n\t\t\t\t\t<div class=\"elementor-social-icons-wrapper elementor-grid\">\n\t\t\t\t\t\t\t<div class=\"elementor-grid-item\">\n\t\t\t\t\t<a class=\"elementor-icon elementor-social-icon elementor-social-icon-facebook elementor-repeater-item-4eed8c8\" href=\"https:\/\/es-es.facebook.com\/ccivyl\/\" target=\"_blank\">\n\t\t\t\t\t\t<span class=\"elementor-screen-only\">Facebook<\/span>\n\t\t\t\t\t\t<i class=\"fab fa-facebook\"><\/i>\t\t\t\t\t<\/a>\n\t\t\t\t<\/div>\n\t\t\t\t\t\t\t<div class=\"elementor-grid-item\">\n\t\t\t\t\t<a class=\"elementor-icon elementor-social-icon elementor-social-icon-whatsapp elementor-repeater-item-de9b9e0\" href=\"https:\/\/api.whatsapp.com\/send?phone=529513075820&#038;text=%09%C2%A1Hola!%20Solicito%20informaci%C3%B3n%20sobre%20los%20productos%20que%20comercializa%20CCIVYL.\" target=\"_blank\">\n\t\t\t\t\t\t<span class=\"elementor-screen-only\">Whatsapp<\/span>\n\t\t\t\t\t\t<i class=\"fab fa-whatsapp\"><\/i>\t\t\t\t\t<\/a>\n\t\t\t\t<\/div>\n\t\t\t\t\t<\/div>\n\t\t\t\t<\/div>\n\t\t\t\t<\/div>\n\t\t\t\t\t<\/div>\n\t\t<\/div>\n\t\t\t\t\t\t\t<\/div>\n\t\t<\/section>\n\t\t\t\t\t\t<\/div>\n\t\t\t\t\t<\/div>\n\t\t","protected":false},"excerpt":{"rendered":"<p>Los sistemas de\u00a0 l osa de viguet ay bovedilla \u00a0son ampliamente utilizados en el sector de la construcci\u00f3n y son los favoritos de los ingenieros y de los arquitectos para construcciones tanto de tipo industrial, comercial y residencia. El sistemas de vigueta y bovedilla est\u00e1 constituido por diversos elementos portantes, que son las viguetas de [&hellip;]<\/p>\n","protected":false},"author":1,"featured_media":0,"parent":0,"menu_order":0,"comment_status":"closed","ping_status":"closed","template":"","meta":{"footnotes":""},"class_list":["post-1527","page","type-page","status-publish","hentry"],"_links":{"self":[{"href":"https:\/\/ccivyl.com.mx\/index.php\/wp-json\/wp\/v2\/pages\/1527","targetHints":{"allow":["GET"]}}],"collection":[{"href":"https:\/\/ccivyl.com.mx\/index.php\/wp-json\/wp\/v2\/pages"}],"about":[{"href":"https:\/\/ccivyl.com.mx\/index.php\/wp-json\/wp\/v2\/types\/page"}],"author":[{"embeddable":true,"href":"https:\/\/ccivyl.com.mx\/index.php\/wp-json\/wp\/v2\/users\/1"}],"replies":[{"embeddable":true,"href":"https:\/\/ccivyl.com.mx\/index.php\/wp-json\/wp\/v2\/comments?post=1527"}],"version-history":[{"count":89,"href":"https:\/\/ccivyl.com.mx\/index.php\/wp-json\/wp\/v2\/pages\/1527\/revisions"}],"predecessor-version":[{"id":1633,"href":"https:\/\/ccivyl.com.mx\/index.php\/wp-json\/wp\/v2\/pages\/1527\/revisions\/1633"}],"wp:attachment":[{"href":"https:\/\/ccivyl.com.mx\/index.php\/wp-json\/wp\/v2\/media?parent=1527"}],"curies":[{"name":"wp","href":"https:\/\/api.w.org\/{rel}","templated":true}]}}