{"id":35,"date":"2021-03-12T18:43:30","date_gmt":"2021-03-12T18:43:30","guid":{"rendered":"https:\/\/ccivyl.com.mx\/?page_id=35"},"modified":"2021-03-25T20:16:50","modified_gmt":"2021-03-25T20:16:50","slug":"poliestireno-expandido-eps","status":"publish","type":"page","link":"https:\/\/ccivyl.com.mx\/index.php\/poliestireno-expandido-eps\/","title":{"rendered":"POLIESTIRENO EXPANDIDO (EPS)"},"content":{"rendered":"\t\t<div data-elementor-type=\"wp-page\" data-elementor-id=\"35\" class=\"elementor elementor-35\" data-elementor-settings=\"[]\">\n\t\t\t\t\t\t\t<div class=\"elementor-section-wrap\">\n\t\t\t\t\t\t\t<section class=\"elementor-section elementor-top-section elementor-element elementor-element-46f57ae elementor-section-boxed elementor-section-height-default elementor-section-height-default\" data-id=\"46f57ae\" data-element_type=\"section\">\n\t\t\t\t\t\t<div class=\"elementor-container elementor-column-gap-default\">\n\t\t\t\t\t<div class=\"elementor-column elementor-col-100 elementor-top-column elementor-element elementor-element-6ccdbfa\" data-id=\"6ccdbfa\" data-element_type=\"column\">\n\t\t\t<div class=\"elementor-widget-wrap elementor-element-populated\">\n\t\t\t\t\t\t\t\t<div class=\"elementor-element elementor-element-7af2a38 elementor-widget elementor-widget-text-editor\" data-id=\"7af2a38\" data-element_type=\"widget\" data-widget_type=\"text-editor.default\">\n\t\t\t\t<div class=\"elementor-widget-container\">\n\t\t\t\t\t<div class=\"elementor-text-editor elementor-clearfix\"><p><span style=\"vertical-align: inherit;\"><span style=\"vertical-align: inherit;\"><span style=\"vertical-align: inherit;\"><span style=\"vertical-align: inherit;\"><span style=\"vertical-align: inherit;\"><span style=\"vertical-align: inherit;\"><span style=\"vertical-align: inherit;\"><span style=\"vertical-align: inherit;\"><span style=\"vertical-align: inherit;\"><span style=\"vertical-align: inherit;\"><span style=\"vertical-align: inherit;\"><span style=\"vertical-align: inherit;\">El Poliestireno Expandido (EPS) se define t\u00e9cnicamente como:<\/span><\/span><\/span><\/span><\/span><\/span><\/span><\/span><\/span><\/span><\/span><\/span><\/p><p><span style=\"vertical-align: inherit;\"><span style=\"vertical-align: inherit;\"><span style=\"vertical-align: inherit;\"><span style=\"vertical-align: inherit;\"><span style=\"vertical-align: inherit;\"><span style=\"vertical-align: inherit;\"><span style=\"vertical-align: inherit;\"><span style=\"vertical-align: inherit;\"><span style=\"vertical-align: inherit;\"><span style=\"vertical-align: inherit;\"><span style=\"vertical-align: inherit;\"><span style=\"vertical-align: inherit;\">&#8220;Material pl\u00e1stico celular y r\u00edgido fabricado a partir del moldeo de perlas preexpandidas de poliestireno expandible o uno de sus copol\u00edmeros, que presenta una estructura celular cerrada y rellena de aire&#8221;.<\/span><\/span><\/span><\/span><\/span><\/span><\/span><\/span><\/span><\/span><\/span><\/span><\/p><p><span style=\"vertical-align: inherit;\"><span style=\"vertical-align: inherit;\"><span style=\"vertical-align: inherit;\"><span style=\"vertical-align: inherit;\"><span style=\"vertical-align: inherit;\"><span style=\"vertical-align: inherit;\"><span style=\"vertical-align: inherit;\"><span style=\"vertical-align: inherit;\"><span style=\"vertical-align: inherit;\"><span style=\"vertical-align: inherit;\"><span style=\"vertical-align: inherit;\"><span style=\"vertical-align: inherit;\">La abreviatura EPS deriva del ingl\u00e9s: Poliestireno expandido.<\/span><\/span><\/span><\/span><\/span><\/span><\/span><\/span><\/span><\/span><\/span><\/span><\/p><\/div>\n\t\t\t\t<\/div>\n\t\t\t\t<\/div>\n\t\t\t\t<div class=\"elementor-element elementor-element-ebbee4e elementor-widget elementor-widget-heading\" data-id=\"ebbee4e\" data-element_type=\"widget\" data-widget_type=\"heading.default\">\n\t\t\t\t<div class=\"elementor-widget-container\">\n\t\t\t<h2 class=\"elementor-heading-title elementor-size-large\">POLIESTIRENO EXPANDIDO ( EPS ) EN LA INDUSTRIA  DE LA CONSTRUCCI\u00d3N.<\/h2>\t\t<\/div>\n\t\t\t\t<\/div>\n\t\t\t\t<div class=\"elementor-element elementor-element-a8a2d55 elementor-widget elementor-widget-text-editor\" data-id=\"a8a2d55\" data-element_type=\"widget\" data-widget_type=\"text-editor.default\">\n\t\t\t\t<div class=\"elementor-widget-container\">\n\t\t\t\t\t<div class=\"elementor-text-editor elementor-clearfix\"><p><span style=\"vertical-align: inherit;\"><span style=\"vertical-align: inherit;\"><span style=\"vertical-align: inherit;\"><span style=\"vertical-align: inherit;\">En el sector de la construcci\u00f3n, tanto en la edificaci\u00f3n como en las obras de ingenier\u00eda civil, nos encontramos con numerosas aplicaciones del Poliestireno Expandido-EPS. <\/span><\/span><\/span><span style=\"vertical-align: inherit;\"><span style=\"vertical-align: inherit;\"><span style=\"vertical-align: inherit;\">Placas y paneles de aislamiento termo-ac\u00fastico, casetones y bovedillas para forjados, moldes de encofrado, juntas de dilataci\u00f3n, elementos decorativos interiores, bloques de EPS para dotar de ligereza a losas, terraplenes de carreteras, pantanales flotantes, islas artificiales, etc.<\/span><\/span><\/span><\/span><\/p><p><span style=\"vertical-align: inherit;\"><span style=\"vertical-align: inherit;\"><span style=\"vertical-align: inherit;\"><span style=\"vertical-align: inherit;\">Esta extensa presencia se debe a las extraordinarias cualidades y propiedades de este material entre las que destacan su elevada capacidad de aislamiento t\u00e9rmico, su ligereza, sus propiedades de resistencia mec\u00e1nica, su adecuado comportamiento frente al agua y resistencia a la difusi\u00f3n del vapor de agua y , en comparaci\u00f3n con otros materiales.<\/span><\/span><\/span><\/span><\/p><p><span style=\"vertical-align: inherit;\"><span style=\"vertical-align: inherit;\"><span style=\"vertical-align: inherit;\"><span style=\"vertical-align: inherit;\">La utilizaci\u00f3n del EPS en la construcci\u00f3n aporta adem\u00e1s beneficios medioambientales derivados de su funci\u00f3n de aislamiento t\u00e9rmico y por la utilizaci\u00f3n de un material que lleva impl\u00edcito un bajo consumo de recursos materiales y energ\u00e9ticos.<\/span><\/span><\/span><\/span><\/p><\/div>\n\t\t\t\t<\/div>\n\t\t\t\t<\/div>\n\t\t\t\t\t<\/div>\n\t\t<\/div>\n\t\t\t\t\t\t\t<\/div>\n\t\t<\/section>\n\t\t\t\t<section class=\"elementor-section elementor-top-section elementor-element elementor-element-f0d4aec elementor-section-boxed elementor-section-height-default elementor-section-height-default\" data-id=\"f0d4aec\" data-element_type=\"section\">\n\t\t\t\t\t\t<div class=\"elementor-container elementor-column-gap-default\">\n\t\t\t\t\t<div class=\"elementor-column elementor-col-33 elementor-top-column elementor-element elementor-element-a21d455\" data-id=\"a21d455\" data-element_type=\"column\">\n\t\t\t<div class=\"elementor-widget-wrap elementor-element-populated\">\n\t\t\t\t\t\t\t\t<div class=\"elementor-element elementor-element-3554016 elementor-widget elementor-widget-heading\" data-id=\"3554016\" data-element_type=\"widget\" data-widget_type=\"heading.default\">\n\t\t\t\t<div class=\"elementor-widget-container\">\n\t\t\t<h2 class=\"elementor-heading-title elementor-size-large\">BENEFICIOS:<\/h2>\t\t<\/div>\n\t\t\t\t<\/div>\n\t\t\t\t<div class=\"elementor-element elementor-element-ea8bf65 elementor-widget__width-initial elementor-widget elementor-widget-text-editor\" data-id=\"ea8bf65\" data-element_type=\"widget\" data-widget_type=\"text-editor.default\">\n\t\t\t\t<div class=\"elementor-widget-container\">\n\t\t\t\t\t<div class=\"elementor-text-editor elementor-clearfix\"><p>\u00a0<\/p><ul><li><span style=\"vertical-align: inherit;\"><span style=\"vertical-align: inherit;\"><span style=\"vertical-align: inherit;\"><span style=\"vertical-align: inherit;\"><span style=\"vertical-align: inherit;\"><span style=\"vertical-align: inherit;\"><span style=\"vertical-align: inherit;\"><span style=\"vertical-align: inherit;\"><span style=\"vertical-align: inherit;\">Soluci\u00f3n de aislamiento a ruido de impacto en suelos y aislamiento a ruido a\u00e9reo en muros.<\/span><\/span><\/span><\/span><\/span><\/span><\/span><\/span><\/span><\/li><li><span style=\"vertical-align: inherit;\"><span style=\"vertical-align: inherit;\"><span style=\"vertical-align: inherit;\"><span style=\"vertical-align: inherit;\"><span style=\"vertical-align: inherit;\"><span style=\"vertical-align: inherit;\"><span style=\"vertical-align: inherit;\"><span style=\"vertical-align: inherit;\"><span style=\"vertical-align: inherit;\">Poder de amortiguamiento, es decir, permite absorber la energ\u00eda producida por golpes y vibraciones y por lo mismo cuenta con buenas propiedades de aislamiento t\u00e9rmico y ac\u00fastico.<\/span><\/span><\/span><\/span><\/span><\/span><\/span><\/span><\/span><\/li><li><span style=\"vertical-align: inherit;\"><span style=\"vertical-align: inherit;\"><span style=\"vertical-align: inherit;\"><span style=\"vertical-align: inherit;\"><span style=\"vertical-align: inherit;\"><span style=\"vertical-align: inherit;\"><span style=\"vertical-align: inherit;\"><span style=\"vertical-align: inherit;\"><span style=\"vertical-align: inherit;\">Es un material resistente a la humedad, absorbe no m\u00e1s del 2% de su peso.<\/span><\/span><\/span><\/span><\/span><\/span><\/span><\/span><\/span><\/li><li><span style=\"vertical-align: inherit;\"><span style=\"vertical-align: inherit;\"><span style=\"vertical-align: inherit;\"><span style=\"vertical-align: inherit;\"><span style=\"vertical-align: inherit;\"><span style=\"vertical-align: inherit;\"><span style=\"vertical-align: inherit;\"><span style=\"vertical-align: inherit;\"><span style=\"vertical-align: inherit;\">La materia prima con que se elabora contiene aditivos que no permiten la propagaci\u00f3n de la flama, nuestros productos son autoextinguibles.<\/span><\/span><\/span><\/span><\/span><\/span><\/span><\/span><\/span><\/li><li><span style=\"vertical-align: inherit;\"><span style=\"vertical-align: inherit;\"><span style=\"vertical-align: inherit;\"><span style=\"vertical-align: inherit;\"><span style=\"vertical-align: inherit;\"><span style=\"vertical-align: inherit;\"><span style=\"vertical-align: inherit;\"><span style=\"vertical-align: inherit;\"><span style=\"vertical-align: inherit;\">No produce descomposici\u00f3n ni formaci\u00f3n de gases nocivos.<\/span><\/span><\/span><\/span><\/span><\/span><\/span><\/span><\/span><\/li><\/ul><\/div>\n\t\t\t\t<\/div>\n\t\t\t\t<\/div>\n\t\t\t\t\t<\/div>\n\t\t<\/div>\n\t\t\t\t<div class=\"elementor-column elementor-col-33 elementor-top-column elementor-element elementor-element-765d524\" data-id=\"765d524\" data-element_type=\"column\">\n\t\t\t<div class=\"elementor-widget-wrap elementor-element-populated\">\n\t\t\t\t\t\t\t\t<div class=\"elementor-element elementor-element-80bc58b elementor-widget elementor-widget-heading\" data-id=\"80bc58b\" data-element_type=\"widget\" data-widget_type=\"heading.default\">\n\t\t\t\t<div class=\"elementor-widget-container\">\n\t\t\t<h2 class=\"elementor-heading-title elementor-size-large\">NUESTROS PRODUCTOS:<\/h2>\t\t<\/div>\n\t\t\t\t<\/div>\n\t\t\t\t<div class=\"elementor-element elementor-element-ff3f47a elementor-widget elementor-widget-image\" data-id=\"ff3f47a\" data-element_type=\"widget\" data-widget_type=\"image.default\">\n\t\t\t\t<div class=\"elementor-widget-container\">\n\t\t\t\t\t<div class=\"elementor-image\">\n\t\t\t\t\t\t\t<figure class=\"wp-caption\">\n\t\t\t\t\t\t\t\t\t\t\t<a href=\"https:\/\/ccivyl.com.mx\/index.php\/bovedilla\/\">\n\t\t\t\t\t\t\t<img loading=\"lazy\" decoding=\"async\" width=\"300\" height=\"300\" src=\"https:\/\/ccivyl.com.mx\/wp-content\/uploads\/2021\/03\/750_qSDBnZAMe7-300x300.png\" class=\"attachment-medium size-medium\" alt=\"\" srcset=\"https:\/\/ccivyl.com.mx\/wp-content\/uploads\/2021\/03\/750_qSDBnZAMe7-300x300.png 300w, https:\/\/ccivyl.com.mx\/wp-content\/uploads\/2021\/03\/750_qSDBnZAMe7-150x150.png 150w, https:\/\/ccivyl.com.mx\/wp-content\/uploads\/2021\/03\/750_qSDBnZAMe7.png 500w\" sizes=\"auto, (max-width: 300px) 100vw, 300px\" \/>\t\t\t\t\t\t\t\t<\/a>\n\t\t\t\t\t\t\t\t\t\t\t<figcaption class=\"widget-image-caption wp-caption-text\">BOVEDILLA<\/figcaption>\n\t\t\t\t\t\t\t\t\t\t<\/figure>\n\t\t\t\t\t<\/div>\n\t\t\t\t<\/div>\n\t\t\t\t<\/div>\n\t\t\t\t<div class=\"elementor-element elementor-element-49c506f elementor-widget elementor-widget-image\" data-id=\"49c506f\" data-element_type=\"widget\" data-widget_type=\"image.default\">\n\t\t\t\t<div class=\"elementor-widget-container\">\n\t\t\t\t\t<div class=\"elementor-image\">\n\t\t\t\t\t\t\t<figure class=\"wp-caption\">\n\t\t\t\t\t\t\t\t\t\t\t<a href=\"https:\/\/ccivyl.com.mx\/index.php\/caseton\/\">\n\t\t\t\t\t\t\t<img loading=\"lazy\" decoding=\"async\" width=\"300\" height=\"279\" src=\"https:\/\/ccivyl.com.mx\/wp-content\/uploads\/2021\/03\/caseton-1024x951-1-300x279.png\" class=\"attachment-medium size-medium\" alt=\"\" srcset=\"https:\/\/ccivyl.com.mx\/wp-content\/uploads\/2021\/03\/caseton-1024x951-1-300x279.png 300w, https:\/\/ccivyl.com.mx\/wp-content\/uploads\/2021\/03\/caseton-1024x951-1-768x713.png 768w, https:\/\/ccivyl.com.mx\/wp-content\/uploads\/2021\/03\/caseton-1024x951-1.png 1024w\" sizes=\"auto, (max-width: 300px) 100vw, 300px\" \/>\t\t\t\t\t\t\t\t<\/a>\n\t\t\t\t\t\t\t\t\t\t\t<figcaption class=\"widget-image-caption wp-caption-text\">CASET\u00d3N<\/figcaption>\n\t\t\t\t\t\t\t\t\t\t<\/figure>\n\t\t\t\t\t<\/div>\n\t\t\t\t<\/div>\n\t\t\t\t<\/div>\n\t\t\t\t\t<\/div>\n\t\t<\/div>\n\t\t\t\t<div class=\"elementor-column elementor-col-33 elementor-top-column elementor-element elementor-element-f534fc4\" data-id=\"f534fc4\" data-element_type=\"column\">\n\t\t\t<div class=\"elementor-widget-wrap elementor-element-populated\">\n\t\t\t\t\t\t\t\t<div class=\"elementor-element elementor-element-28fd445 elementor-widget elementor-widget-image\" data-id=\"28fd445\" data-element_type=\"widget\" data-widget_type=\"image.default\">\n\t\t\t\t<div class=\"elementor-widget-container\">\n\t\t\t\t\t<div class=\"elementor-image\">\n\t\t\t\t\t\t\t<figure class=\"wp-caption\">\n\t\t\t\t\t\t\t\t\t\t\t<a href=\"https:\/\/ccivyl.com.mx\/index.php\/placa\/\">\n\t\t\t\t\t\t\t<img loading=\"lazy\" decoding=\"async\" width=\"800\" height=\"800\" src=\"https:\/\/ccivyl.com.mx\/wp-content\/uploads\/2021\/03\/placa-pse-bd-10k-120-x-050-x-005-m.png\" class=\"attachment-full size-full\" alt=\"\" srcset=\"https:\/\/ccivyl.com.mx\/wp-content\/uploads\/2021\/03\/placa-pse-bd-10k-120-x-050-x-005-m.png 800w, https:\/\/ccivyl.com.mx\/wp-content\/uploads\/2021\/03\/placa-pse-bd-10k-120-x-050-x-005-m-300x300.png 300w, https:\/\/ccivyl.com.mx\/wp-content\/uploads\/2021\/03\/placa-pse-bd-10k-120-x-050-x-005-m-150x150.png 150w, https:\/\/ccivyl.com.mx\/wp-content\/uploads\/2021\/03\/placa-pse-bd-10k-120-x-050-x-005-m-768x768.png 768w\" sizes=\"auto, (max-width: 800px) 100vw, 800px\" \/>\t\t\t\t\t\t\t\t<\/a>\n\t\t\t\t\t\t\t\t\t\t\t<figcaption class=\"widget-image-caption wp-caption-text\">PLACA<\/figcaption>\n\t\t\t\t\t\t\t\t\t\t<\/figure>\n\t\t\t\t\t<\/div>\n\t\t\t\t<\/div>\n\t\t\t\t<\/div>\n\t\t\t\t<div class=\"elementor-element elementor-element-6b9a0e9 elementor-widget elementor-widget-image\" data-id=\"6b9a0e9\" data-element_type=\"widget\" data-widget_type=\"image.default\">\n\t\t\t\t<div class=\"elementor-widget-container\">\n\t\t\t\t\t<div class=\"elementor-image\">\n\t\t\t\t\t\t\t<figure class=\"wp-caption\">\n\t\t\t\t\t\t\t\t\t\t\t<a href=\"https:\/\/ccivyl.com.mx\/index.php\/panel-semiestructural\/\">\n\t\t\t\t\t\t\t<img loading=\"lazy\" decoding=\"async\" width=\"600\" height=\"299\" src=\"https:\/\/ccivyl.com.mx\/wp-content\/uploads\/2021\/03\/Ferrex-panel-constructivo-semi-estructural_1.png\" class=\"attachment-full size-full\" alt=\"\" srcset=\"https:\/\/ccivyl.com.mx\/wp-content\/uploads\/2021\/03\/Ferrex-panel-constructivo-semi-estructural_1.png 600w, https:\/\/ccivyl.com.mx\/wp-content\/uploads\/2021\/03\/Ferrex-panel-constructivo-semi-estructural_1-300x150.png 300w\" sizes=\"auto, (max-width: 600px) 100vw, 600px\" \/>\t\t\t\t\t\t\t\t<\/a>\n\t\t\t\t\t\t\t\t\t\t\t<figcaption class=\"widget-image-caption wp-caption-text\">PANEL SEMIESTRUCTURAL<\/figcaption>\n\t\t\t\t\t\t\t\t\t\t<\/figure>\n\t\t\t\t\t<\/div>\n\t\t\t\t<\/div>\n\t\t\t\t<\/div>\n\t\t\t\t\t<\/div>\n\t\t<\/div>\n\t\t\t\t\t\t\t<\/div>\n\t\t<\/section>\n\t\t\t\t\t\t<\/div>\n\t\t\t\t\t<\/div>\n\t\t","protected":false},"excerpt":{"rendered":"<p>El Poliestireno Expandido (EPS) se define t\u00e9cnicamente como: &#8220;Material pl\u00e1stico celular y r\u00edgido fabricado a partir del moldeo de perlas preexpandidas de poliestireno expandible o uno de sus copol\u00edmeros, que presenta una estructura celular cerrada y rellena de aire&#8221;. La abreviatura EPS deriva del ingl\u00e9s: Poliestireno expandido. POLIESTIRENO EXPANDIDO ( EPS ) EN LA INDUSTRIA [&hellip;]<\/p>\n","protected":false},"author":1,"featured_media":0,"parent":0,"menu_order":0,"comment_status":"closed","ping_status":"closed","template":"","meta":{"footnotes":""},"class_list":["post-35","page","type-page","status-publish","hentry"],"_links":{"self":[{"href":"https:\/\/ccivyl.com.mx\/index.php\/wp-json\/wp\/v2\/pages\/35","targetHints":{"allow":["GET"]}}],"collection":[{"href":"https:\/\/ccivyl.com.mx\/index.php\/wp-json\/wp\/v2\/pages"}],"about":[{"href":"https:\/\/ccivyl.com.mx\/index.php\/wp-json\/wp\/v2\/types\/page"}],"author":[{"embeddable":true,"href":"https:\/\/ccivyl.com.mx\/index.php\/wp-json\/wp\/v2\/users\/1"}],"replies":[{"embeddable":true,"href":"https:\/\/ccivyl.com.mx\/index.php\/wp-json\/wp\/v2\/comments?post=35"}],"version-history":[{"count":202,"href":"https:\/\/ccivyl.com.mx\/index.php\/wp-json\/wp\/v2\/pages\/35\/revisions"}],"predecessor-version":[{"id":1671,"href":"https:\/\/ccivyl.com.mx\/index.php\/wp-json\/wp\/v2\/pages\/35\/revisions\/1671"}],"wp:attachment":[{"href":"https:\/\/ccivyl.com.mx\/index.php\/wp-json\/wp\/v2\/media?parent=35"}],"curies":[{"name":"wp","href":"https:\/\/api.w.org\/{rel}","templated":true}]}}