{"id":37,"date":"2021-03-12T18:44:05","date_gmt":"2021-03-12T18:44:05","guid":{"rendered":"https:\/\/ccivyl.com.mx\/?page_id=37"},"modified":"2021-03-25T18:50:19","modified_gmt":"2021-03-25T18:50:19","slug":"prefabricados-de-concreto","status":"publish","type":"page","link":"https:\/\/ccivyl.com.mx\/index.php\/prefabricados-de-concreto\/","title":{"rendered":"PREFABRICADOS DE CONCRETO"},"content":{"rendered":"\t\t<div data-elementor-type=\"wp-page\" data-elementor-id=\"37\" class=\"elementor elementor-37\" data-elementor-settings=\"[]\">\n\t\t\t\t\t\t\t<div class=\"elementor-section-wrap\">\n\t\t\t\t\t\t\t<section class=\"elementor-section elementor-top-section elementor-element elementor-element-796364c elementor-section-boxed elementor-section-height-default elementor-section-height-default\" data-id=\"796364c\" data-element_type=\"section\">\n\t\t\t\t\t\t<div class=\"elementor-container elementor-column-gap-default\">\n\t\t\t\t\t<div class=\"elementor-column elementor-col-100 elementor-top-column elementor-element elementor-element-6ca71a4\" data-id=\"6ca71a4\" data-element_type=\"column\">\n\t\t\t<div class=\"elementor-widget-wrap elementor-element-populated\">\n\t\t\t\t\t\t\t\t<div class=\"elementor-element elementor-element-479934a elementor-widget elementor-widget-text-editor\" data-id=\"479934a\" data-element_type=\"widget\" data-widget_type=\"text-editor.default\">\n\t\t\t\t<div class=\"elementor-widget-container\">\n\t\t\t\t\t<div class=\"elementor-text-editor elementor-clearfix\"><p class=\"\"><strong><span style=\"vertical-align: inherit;\"><span style=\"vertical-align: inherit;\"><span style=\"vertical-align: inherit;\"><span style=\"vertical-align: inherit;\">Los elementos prefabricados de concreto son cada vez m\u00e1s utilizados en la industria de la construcci\u00f3n, esto debido a las grandes ventajas que ofrece, principalmente cuando buscamos tener un proceso de construcci\u00f3n rapido.\u00a0<\/span><\/span><\/span><\/span><\/strong><\/p><p class=\"\"><strong><span style=\"vertical-align: inherit;\"><span style=\"vertical-align: inherit;\"><span style=\"vertical-align: inherit;\"><span style=\"vertical-align: inherit;\">Se le denomina prefabricado a los elementos ensamblados entre s\u00ed, una vez que han sido manufacturados (moldeados, endurecidos, etc) en un \u00e1rea (fabrica) diferente a la de su aplicaci\u00f3n. <\/span><\/span><\/span><span style=\"vertical-align: inherit;\"><span style=\"vertical-align: inherit;\"><span style=\"vertical-align: inherit;\">El uso de prefabricados en la construcci\u00f3n se basa en el dise\u00f1o y producci\u00f3n de componentes y subsistemas que se elaboran en serie, los cuales son montados en la edificaci\u00f3n de manera simple, precisa y no laboriosa.<\/span><\/span><br \/><br \/><\/span><\/span><\/strong><\/p><\/div>\n\t\t\t\t<\/div>\n\t\t\t\t<\/div>\n\t\t\t\t\t<\/div>\n\t\t<\/div>\n\t\t\t\t\t\t\t<\/div>\n\t\t<\/section>\n\t\t\t\t<section class=\"elementor-section elementor-top-section elementor-element elementor-element-bce2519 elementor-section-boxed elementor-section-height-default elementor-section-height-default\" data-id=\"bce2519\" data-element_type=\"section\">\n\t\t\t\t\t\t<div class=\"elementor-container elementor-column-gap-default\">\n\t\t\t\t\t<div class=\"elementor-column elementor-col-50 elementor-top-column elementor-element elementor-element-e719f4c\" data-id=\"e719f4c\" data-element_type=\"column\">\n\t\t\t<div class=\"elementor-widget-wrap elementor-element-populated\">\n\t\t\t\t\t\t\t\t<div class=\"elementor-element elementor-element-b96c4b4 elementor-widget elementor-widget-heading\" data-id=\"b96c4b4\" data-element_type=\"widget\" data-widget_type=\"heading.default\">\n\t\t\t\t<div class=\"elementor-widget-container\">\n\t\t\t<h2 class=\"elementor-heading-title elementor-size-large\">VENTAJAS<\/h2>\t\t<\/div>\n\t\t\t\t<\/div>\n\t\t\t\t<div class=\"elementor-element elementor-element-59976d5 elementor-widget elementor-widget-text-editor\" data-id=\"59976d5\" data-element_type=\"widget\" data-widget_type=\"text-editor.default\">\n\t\t\t\t<div class=\"elementor-widget-container\">\n\t\t\t\t\t<div class=\"elementor-text-editor elementor-clearfix\"><p id=\"yui_3_17_2_1_1616537956779_237\" class=\"\">Calidad de Material<\/p><ul data-rte-list=\"default\"><li><p class=\"\"><em>Com\u00fanmente la producci\u00f3n de estos elementos se lleva a cabo en un \u201csite\u201d distinto al de la obra, esto facilita el uso de maquinaria en la l\u00ednea de producci\u00f3n. Esto a su vez, nos permite tener controles de calidad mucho mas efectivos, dando como resultados materiales uniformes, con mayor resistencia y dise\u00f1ados a la medida para el m\u00e9todo constructivo a utilizar en el proyecto.<\/em><\/p><\/li><\/ul><p class=\"\">Reducci\u00f3n de Tiempos de Ejecuci\u00f3n<\/p><ul data-rte-list=\"default\"><li><p class=\"\"><em>Los tiempos de ejecuci\u00f3n se ven simplemente ligados a los de su colocaci\u00f3n, ya que el producto se toma o llega listo para ser colocado en el espacio determinado. Cuando son elementos en serie, el efecto en reducci\u00f3n de tiempos es muy elevado.<\/em><\/p><\/li><\/ul><p class=\"\">Reducci\u00f3n de Equipos de Obra<\/p><ul data-rte-list=\"default\"><li><p class=\"\"><em>No son necesarias las cimbras, encofrados o sistemas de andamiaje. Estos \u00faltimos, al menos no en la cantidad que se requieren para una obra que no utiliza elementos prefabricados.<\/em><\/p><\/li><\/ul><p class=\"\">Ahorro Econ\u00f3mico<\/p><ul data-rte-list=\"default\"><li><p class=\"\"><em>El ahorro en el impacto econ\u00f3mico del proyecto, se relaciona b\u00e1sicamente con el tiempo de ejecuci\u00f3n, reduciendo a su vez los gastos fijos, rentas de equipos y mejorando la eficiencia en la relaci\u00f3n horas\/hombre.<\/em><\/p><\/li><\/ul><\/div>\n\t\t\t\t<\/div>\n\t\t\t\t<\/div>\n\t\t\t\t\t<\/div>\n\t\t<\/div>\n\t\t\t\t<div class=\"elementor-column elementor-col-50 elementor-top-column elementor-element elementor-element-fa0c8f4\" data-id=\"fa0c8f4\" data-element_type=\"column\">\n\t\t\t<div class=\"elementor-widget-wrap elementor-element-populated\">\n\t\t\t\t\t\t\t\t<div class=\"elementor-element elementor-element-4a6fb01 elementor-widget elementor-widget-heading\" data-id=\"4a6fb01\" data-element_type=\"widget\" data-widget_type=\"heading.default\">\n\t\t\t\t<div class=\"elementor-widget-container\">\n\t\t\t<h2 class=\"elementor-heading-title elementor-size-large\">NUESTROS PRODUCTOS:<\/h2>\t\t<\/div>\n\t\t\t\t<\/div>\n\t\t\t\t<div class=\"elementor-element elementor-element-7955643 elementor-invisible elementor-widget elementor-widget-image\" data-id=\"7955643\" data-element_type=\"widget\" data-settings=\"{&quot;_animation&quot;:&quot;bounceIn&quot;}\" data-widget_type=\"image.default\">\n\t\t\t\t<div class=\"elementor-widget-container\">\n\t\t\t\t\t<div class=\"elementor-image\">\n\t\t\t\t\t\t\t<figure class=\"wp-caption\">\n\t\t\t\t\t\t\t\t\t\t\t<a href=\"https:\/\/ccivyl.com.mx\/index.php\/vigueta-de-alma-abierta\/\">\n\t\t\t\t\t\t\t<img loading=\"lazy\" decoding=\"async\" width=\"150\" height=\"150\" src=\"https:\/\/ccivyl.com.mx\/wp-content\/uploads\/2021\/03\/vigueta_abierta_0-150x150.png\" class=\"attachment-thumbnail size-thumbnail\" alt=\"\" srcset=\"https:\/\/ccivyl.com.mx\/wp-content\/uploads\/2021\/03\/vigueta_abierta_0-150x150.png 150w, https:\/\/ccivyl.com.mx\/wp-content\/uploads\/2021\/03\/vigueta_abierta_0.png 205w\" sizes=\"auto, (max-width: 150px) 100vw, 150px\" \/>\t\t\t\t\t\t\t\t<\/a>\n\t\t\t\t\t\t\t\t\t\t\t<figcaption class=\"widget-image-caption wp-caption-text\">VIGUETA DE ALMA ABIERTA<\/figcaption>\n\t\t\t\t\t\t\t\t\t\t<\/figure>\n\t\t\t\t\t<\/div>\n\t\t\t\t<\/div>\n\t\t\t\t<\/div>\n\t\t\t\t<div class=\"elementor-element elementor-element-8bdb079 elementor-invisible elementor-widget elementor-widget-image\" data-id=\"8bdb079\" data-element_type=\"widget\" data-settings=\"{&quot;_animation&quot;:&quot;bounceIn&quot;}\" data-widget_type=\"image.default\">\n\t\t\t\t<div class=\"elementor-widget-container\">\n\t\t\t\t\t<div class=\"elementor-image\">\n\t\t\t\t\t\t\t<figure class=\"wp-caption\">\n\t\t\t\t\t\t\t\t\t\t\t<a href=\"https:\/\/ccivyl.com.mx\/index.php\/vigueta-pretensada\/\">\n\t\t\t\t\t\t\t<img loading=\"lazy\" decoding=\"async\" width=\"300\" height=\"184\" src=\"https:\/\/ccivyl.com.mx\/wp-content\/uploads\/2021\/03\/vigueta-pretensada-300x184.png\" class=\"attachment-medium size-medium\" alt=\"\" srcset=\"https:\/\/ccivyl.com.mx\/wp-content\/uploads\/2021\/03\/vigueta-pretensada-300x184.png 300w, https:\/\/ccivyl.com.mx\/wp-content\/uploads\/2021\/03\/vigueta-pretensada.png 600w\" sizes=\"auto, (max-width: 300px) 100vw, 300px\" \/>\t\t\t\t\t\t\t\t<\/a>\n\t\t\t\t\t\t\t\t\t\t\t<figcaption class=\"widget-image-caption wp-caption-text\">VIGUETA PRETENSADA<\/figcaption>\n\t\t\t\t\t\t\t\t\t\t<\/figure>\n\t\t\t\t\t<\/div>\n\t\t\t\t<\/div>\n\t\t\t\t<\/div>\n\t\t\t\t<div class=\"elementor-element elementor-element-9d41f0d elementor-invisible elementor-widget elementor-widget-image\" data-id=\"9d41f0d\" data-element_type=\"widget\" data-settings=\"{&quot;_animation&quot;:&quot;bounceIn&quot;}\" data-widget_type=\"image.default\">\n\t\t\t\t<div class=\"elementor-widget-container\">\n\t\t\t\t\t<div class=\"elementor-image\">\n\t\t\t\t\t\t\t<figure class=\"wp-caption\">\n\t\t\t\t\t\t\t\t\t\t\t<a href=\"https:\/\/ccivyl.com.mx\/index.php\/vigueta-y-bovedilla\/\">\n\t\t\t\t\t\t\t<img loading=\"lazy\" decoding=\"async\" width=\"300\" height=\"194\" src=\"https:\/\/ccivyl.com.mx\/wp-content\/uploads\/2021\/03\/SISTEMA-BOVEDILLA-300x194.png\" class=\"attachment-medium size-medium\" alt=\"\" srcset=\"https:\/\/ccivyl.com.mx\/wp-content\/uploads\/2021\/03\/SISTEMA-BOVEDILLA-300x194.png 300w, https:\/\/ccivyl.com.mx\/wp-content\/uploads\/2021\/03\/SISTEMA-BOVEDILLA.png 437w\" sizes=\"auto, (max-width: 300px) 100vw, 300px\" \/>\t\t\t\t\t\t\t\t<\/a>\n\t\t\t\t\t\t\t\t\t\t\t<figcaption class=\"widget-image-caption wp-caption-text\">SISTEMA DE VIGUETA Y BOVEDILLA<\/figcaption>\n\t\t\t\t\t\t\t\t\t\t<\/figure>\n\t\t\t\t\t<\/div>\n\t\t\t\t<\/div>\n\t\t\t\t<\/div>\n\t\t\t\t<div class=\"elementor-element elementor-element-25cf2f9 elementor-widget elementor-widget-text-editor\" data-id=\"25cf2f9\" data-element_type=\"widget\" data-widget_type=\"text-editor.default\">\n\t\t\t\t<div class=\"elementor-widget-container\">\n\t\t\t\t\t<div class=\"elementor-text-editor elementor-clearfix\"><p><span style=\"vertical-align: inherit;\"><span style=\"vertical-align: inherit;\"><span style=\"vertical-align: inherit;\"><span style=\"vertical-align: inherit;\"><span style=\"vertical-align: inherit;\"><span style=\"vertical-align: inherit;\">1 VIGUETA PRETENSADA O DE ALMA ABIERTA.<\/span><\/span><\/span><\/span><\/span><\/span><\/p><p><span style=\"vertical-align: inherit;\"><span style=\"vertical-align: inherit;\"><span style=\"vertical-align: inherit;\"><span style=\"vertical-align: inherit;\"><span style=\"vertical-align: inherit;\"><span style=\"vertical-align: inherit;\">2 BOVEDILLA DE POLIESTIRENO.<\/span><\/span><\/span><\/span><\/span><\/span><\/p><p><span style=\"vertical-align: inherit;\"> <span style=\"vertical-align: inherit;\"><span style=\"vertical-align: inherit;\"><span style=\"vertical-align: inherit;\"><span style=\"vertical-align: inherit;\"><span style=\"vertical-align: inherit;\">3 MALLA ELECTROSOLDADA.<\/span><\/span><\/span><\/span><\/span><\/span><\/p><\/div>\n\t\t\t\t<\/div>\n\t\t\t\t<\/div>\n\t\t\t\t\t<\/div>\n\t\t<\/div>\n\t\t\t\t\t\t\t<\/div>\n\t\t<\/section>\n\t\t\t\t\t\t<\/div>\n\t\t\t\t\t<\/div>\n\t\t","protected":false},"excerpt":{"rendered":"<p>Los elementos prefabricados de concreto son cada vez m\u00e1s utilizados en la industria de la construcci\u00f3n, esto debido a las grandes ventajas que ofrece, principalmente cuando buscamos tener un proceso de construcci\u00f3n rapido.\u00a0 Se le denomina prefabricado a los elementos ensamblados entre s\u00ed, una vez que han sido manufacturados (moldeados, endurecidos, etc) en un \u00e1rea [&hellip;]<\/p>\n","protected":false},"author":1,"featured_media":0,"parent":0,"menu_order":0,"comment_status":"closed","ping_status":"closed","template":"","meta":{"footnotes":""},"class_list":["post-37","page","type-page","status-publish","hentry"],"_links":{"self":[{"href":"https:\/\/ccivyl.com.mx\/index.php\/wp-json\/wp\/v2\/pages\/37","targetHints":{"allow":["GET"]}}],"collection":[{"href":"https:\/\/ccivyl.com.mx\/index.php\/wp-json\/wp\/v2\/pages"}],"about":[{"href":"https:\/\/ccivyl.com.mx\/index.php\/wp-json\/wp\/v2\/types\/page"}],"author":[{"embeddable":true,"href":"https:\/\/ccivyl.com.mx\/index.php\/wp-json\/wp\/v2\/users\/1"}],"replies":[{"embeddable":true,"href":"https:\/\/ccivyl.com.mx\/index.php\/wp-json\/wp\/v2\/comments?post=37"}],"version-history":[{"count":49,"href":"https:\/\/ccivyl.com.mx\/index.php\/wp-json\/wp\/v2\/pages\/37\/revisions"}],"predecessor-version":[{"id":1630,"href":"https:\/\/ccivyl.com.mx\/index.php\/wp-json\/wp\/v2\/pages\/37\/revisions\/1630"}],"wp:attachment":[{"href":"https:\/\/ccivyl.com.mx\/index.php\/wp-json\/wp\/v2\/media?parent=37"}],"curies":[{"name":"wp","href":"https:\/\/api.w.org\/{rel}","templated":true}]}}