{"id":43,"date":"2021-03-12T18:45:05","date_gmt":"2021-03-12T18:45:05","guid":{"rendered":"https:\/\/ccivyl.com.mx\/?page_id=43"},"modified":"2021-03-30T16:19:30","modified_gmt":"2021-03-30T16:19:30","slug":"placa","status":"publish","type":"page","link":"https:\/\/ccivyl.com.mx\/index.php\/placa\/","title":{"rendered":"PLACA"},"content":{"rendered":"\t\t<div data-elementor-type=\"wp-page\" data-elementor-id=\"43\" class=\"elementor elementor-43\" data-elementor-settings=\"[]\">\n\t\t\t\t\t\t\t<div class=\"elementor-section-wrap\">\n\t\t\t\t\t\t\t<section class=\"elementor-section elementor-top-section elementor-element elementor-element-6409cf6 elementor-section-boxed elementor-section-height-default elementor-section-height-default\" data-id=\"6409cf6\" data-element_type=\"section\">\n\t\t\t\t\t\t<div class=\"elementor-container elementor-column-gap-default\">\n\t\t\t\t\t<div class=\"elementor-column elementor-col-100 elementor-top-column elementor-element elementor-element-d7a09a1\" data-id=\"d7a09a1\" data-element_type=\"column\">\n\t\t\t<div class=\"elementor-widget-wrap elementor-element-populated\">\n\t\t\t\t\t\t\t\t<div class=\"elementor-element elementor-element-aa65f2f elementor-widget elementor-widget-image\" data-id=\"aa65f2f\" data-element_type=\"widget\" data-widget_type=\"image.default\">\n\t\t\t\t<div class=\"elementor-widget-container\">\n\t\t\t\t\t<div class=\"elementor-image\">\n\t\t\t\t\t\t\t\t\t\t\t<a href=\"https:\/\/ccivyl.com.mx\/index.php\/galeria\/\">\n\t\t\t\t\t\t\t<img loading=\"lazy\" decoding=\"async\" width=\"300\" height=\"300\" src=\"https:\/\/ccivyl.com.mx\/wp-content\/uploads\/2021\/03\/placa-pse-bd-10k-120-x-050-x-005-m-300x300.png\" class=\"attachment-medium size-medium\" alt=\"\" srcset=\"https:\/\/ccivyl.com.mx\/wp-content\/uploads\/2021\/03\/placa-pse-bd-10k-120-x-050-x-005-m-300x300.png 300w, https:\/\/ccivyl.com.mx\/wp-content\/uploads\/2021\/03\/placa-pse-bd-10k-120-x-050-x-005-m-150x150.png 150w, https:\/\/ccivyl.com.mx\/wp-content\/uploads\/2021\/03\/placa-pse-bd-10k-120-x-050-x-005-m-768x768.png 768w, https:\/\/ccivyl.com.mx\/wp-content\/uploads\/2021\/03\/placa-pse-bd-10k-120-x-050-x-005-m.png 800w\" sizes=\"auto, (max-width: 300px) 100vw, 300px\" \/>\t\t\t\t\t\t\t\t<\/a>\n\t\t\t\t\t\t\t\t\t\t\t<\/div>\n\t\t\t\t<\/div>\n\t\t\t\t<\/div>\n\t\t\t\t<div class=\"elementor-element elementor-element-a56a662 elementor-widget elementor-widget-heading\" data-id=\"a56a662\" data-element_type=\"widget\" data-widget_type=\"heading.default\">\n\t\t\t\t<div class=\"elementor-widget-container\">\n\t\t\t<h2 class=\"elementor-heading-title elementor-size-default\"><a href=\"https:\/\/ccivyl.com.mx\/index.php\/galeria\/\">placa de poliestireno<\/a><\/h2>\t\t<\/div>\n\t\t\t\t<\/div>\n\t\t\t\t\t<\/div>\n\t\t<\/div>\n\t\t\t\t\t\t\t<\/div>\n\t\t<\/section>\n\t\t\t\t<section class=\"elementor-section elementor-top-section elementor-element elementor-element-3779aca elementor-section-boxed elementor-section-height-default elementor-section-height-default\" data-id=\"3779aca\" data-element_type=\"section\">\n\t\t\t\t\t\t<div class=\"elementor-container elementor-column-gap-default\">\n\t\t\t\t\t<div class=\"elementor-column elementor-col-50 elementor-top-column elementor-element elementor-element-372547d\" data-id=\"372547d\" data-element_type=\"column\">\n\t\t\t<div class=\"elementor-widget-wrap elementor-element-populated\">\n\t\t\t\t\t\t\t\t<div class=\"elementor-element elementor-element-c97b876 elementor-widget elementor-widget-text-editor\" data-id=\"c97b876\" data-element_type=\"widget\" data-widget_type=\"text-editor.default\">\n\t\t\t\t<div class=\"elementor-widget-container\">\n\t\t\t\t\t<div class=\"elementor-text-editor elementor-clearfix\"><p><span style=\"vertical-align: inherit;\"><span style=\"vertical-align: inherit;\">Las placas son cortes rectangulares que se suministran en una gama muy amplia de dimensiones y que tienen diversas propiedades t\u00e9rmicas, estructurales, de amortiguamiento y de baja absorci\u00f3n de agua.<\/span><\/span><\/p><p>La f\u00e1cil instalaci\u00f3n y ligereza de la placa le permite ser utilizada en las siguientes aplicaciones en la industria de la construcci\u00f3n:<\/p><p><br \/>\u2022 Como junta constructiva para separar elementos estructurales.<br \/>\u2022 Revestimiento t\u00e9rmico de muros y losas de casa habitaci\u00f3n que evita la transmisi\u00f3n del calor.<br \/>\u2022 Revestimiento t\u00e9rmico en fachadas de edificios.<br \/>\u2022 Cubiertas de naves industriales.<br \/>\u2022 Como aislante t\u00e9rmico en muros de cuartos fr\u00edos.<\/p><\/div>\n\t\t\t\t<\/div>\n\t\t\t\t<\/div>\n\t\t\t\t\t<\/div>\n\t\t<\/div>\n\t\t\t\t<div class=\"elementor-column elementor-col-50 elementor-top-column elementor-element elementor-element-0213ba0\" data-id=\"0213ba0\" data-element_type=\"column\">\n\t\t\t<div class=\"elementor-widget-wrap elementor-element-populated\">\n\t\t\t\t\t\t\t\t<div class=\"elementor-element elementor-element-9cad183 elementor-invisible elementor-widget elementor-widget-image\" data-id=\"9cad183\" data-element_type=\"widget\" data-settings=\"{&quot;_animation&quot;:&quot;zoomIn&quot;}\" data-widget_type=\"image.default\">\n\t\t\t\t<div class=\"elementor-widget-container\">\n\t\t\t\t\t<div class=\"elementor-image\">\n\t\t\t\t\t\t\t\t\t\t<img loading=\"lazy\" decoding=\"async\" width=\"640\" height=\"172\" src=\"https:\/\/ccivyl.com.mx\/wp-content\/uploads\/2021\/03\/medidas-placa.png\" class=\"attachment-large size-large\" alt=\"\" srcset=\"https:\/\/ccivyl.com.mx\/wp-content\/uploads\/2021\/03\/medidas-placa.png 640w, https:\/\/ccivyl.com.mx\/wp-content\/uploads\/2021\/03\/medidas-placa-300x81.png 300w\" sizes=\"auto, (max-width: 640px) 100vw, 640px\" \/>\t\t\t\t\t\t\t\t\t\t\t<\/div>\n\t\t\t\t<\/div>\n\t\t\t\t<\/div>\n\t\t\t\t<div class=\"elementor-element elementor-element-bb65467 elementor-widget elementor-widget-text-editor\" data-id=\"bb65467\" data-element_type=\"widget\" data-widget_type=\"text-editor.default\">\n\t\t\t\t<div class=\"elementor-widget-container\">\n\t\t\t\t\t<div class=\"elementor-text-editor elementor-clearfix\"><p><strong>Nota:<\/strong><\/p><p>* Se puede fabricar con otras medidas sobre pedido.<\/p><\/div>\n\t\t\t\t<\/div>\n\t\t\t\t<\/div>\n\t\t\t\t\t<\/div>\n\t\t<\/div>\n\t\t\t\t\t\t\t<\/div>\n\t\t<\/section>\n\t\t\t\t<section class=\"elementor-section elementor-top-section elementor-element elementor-element-125776c elementor-section-boxed elementor-section-height-default elementor-section-height-default\" data-id=\"125776c\" data-element_type=\"section\">\n\t\t\t\t\t\t<div class=\"elementor-container elementor-column-gap-default\">\n\t\t\t\t\t<div class=\"elementor-column elementor-col-100 elementor-top-column elementor-element elementor-element-6b65a93\" data-id=\"6b65a93\" data-element_type=\"column\">\n\t\t\t<div class=\"elementor-widget-wrap elementor-element-populated\">\n\t\t\t\t\t\t\t\t<div class=\"elementor-element elementor-element-fcc0b93 elementor-invisible elementor-widget elementor-widget-text-editor\" data-id=\"fcc0b93\" data-element_type=\"widget\" data-settings=\"{&quot;_animation&quot;:&quot;zoomIn&quot;}\" data-widget_type=\"text-editor.default\">\n\t\t\t\t<div class=\"elementor-widget-container\">\n\t\t\t\t\t<div class=\"elementor-text-editor elementor-clearfix\"><p><span style=\"vertical-align: inherit;\"><span style=\"vertical-align: inherit;\">Si tienes dudas o requieres de medidas especiales, cont\u00e1ctanos, con gusto te atenderemos<\/span><\/span><\/p><\/div>\n\t\t\t\t<\/div>\n\t\t\t\t<\/div>\n\t\t\t\t<div class=\"elementor-element elementor-element-4362ac3 elementor-shape-rounded elementor-grid-0 e-grid-align-center elementor-widget elementor-widget-social-icons\" data-id=\"4362ac3\" data-element_type=\"widget\" data-widget_type=\"social-icons.default\">\n\t\t\t\t<div class=\"elementor-widget-container\">\n\t\t\t\t\t<div class=\"elementor-social-icons-wrapper elementor-grid\">\n\t\t\t\t\t\t\t<div class=\"elementor-grid-item\">\n\t\t\t\t\t<a class=\"elementor-icon elementor-social-icon elementor-social-icon-facebook elementor-repeater-item-517da4a\" href=\"https:\/\/es-es.facebook.com\/ccivyl\/\" target=\"_blank\">\n\t\t\t\t\t\t<span class=\"elementor-screen-only\">Facebook<\/span>\n\t\t\t\t\t\t<i class=\"fab fa-facebook\"><\/i>\t\t\t\t\t<\/a>\n\t\t\t\t<\/div>\n\t\t\t\t\t\t\t<div class=\"elementor-grid-item\">\n\t\t\t\t\t<a class=\"elementor-icon elementor-social-icon elementor-social-icon-whatsapp elementor-repeater-item-d2c1238\" href=\"https:\/\/api.whatsapp.com\/send?phone=529515694026&#038;text=%C2%A1Hola!%20Solicito%20informaci%C3%B3n%20sobre%20los%20productos%20que%20comercializa%20CCIVYL.\" target=\"_blank\">\n\t\t\t\t\t\t<span class=\"elementor-screen-only\">Whatsapp<\/span>\n\t\t\t\t\t\t<i class=\"fab fa-whatsapp\"><\/i>\t\t\t\t\t<\/a>\n\t\t\t\t<\/div>\n\t\t\t\t\t<\/div>\n\t\t\t\t<\/div>\n\t\t\t\t<\/div>\n\t\t\t\t\t<\/div>\n\t\t<\/div>\n\t\t\t\t\t\t\t<\/div>\n\t\t<\/section>\n\t\t\t\t\t\t<\/div>\n\t\t\t\t\t<\/div>\n\t\t","protected":false},"excerpt":{"rendered":"<p>placa de poliestireno Las placas son cortes rectangulares que se suministran en una gama muy amplia de dimensiones y que tienen diversas propiedades t\u00e9rmicas, estructurales, de amortiguamiento y de baja absorci\u00f3n de agua. La f\u00e1cil instalaci\u00f3n y ligereza de la placa le permite ser utilizada en las siguientes aplicaciones en la industria de la construcci\u00f3n: [&hellip;]<\/p>\n","protected":false},"author":1,"featured_media":0,"parent":0,"menu_order":0,"comment_status":"closed","ping_status":"closed","template":"","meta":{"footnotes":""},"class_list":["post-43","page","type-page","status-publish","hentry"],"_links":{"self":[{"href":"https:\/\/ccivyl.com.mx\/index.php\/wp-json\/wp\/v2\/pages\/43","targetHints":{"allow":["GET"]}}],"collection":[{"href":"https:\/\/ccivyl.com.mx\/index.php\/wp-json\/wp\/v2\/pages"}],"about":[{"href":"https:\/\/ccivyl.com.mx\/index.php\/wp-json\/wp\/v2\/types\/page"}],"author":[{"embeddable":true,"href":"https:\/\/ccivyl.com.mx\/index.php\/wp-json\/wp\/v2\/users\/1"}],"replies":[{"embeddable":true,"href":"https:\/\/ccivyl.com.mx\/index.php\/wp-json\/wp\/v2\/comments?post=43"}],"version-history":[{"count":46,"href":"https:\/\/ccivyl.com.mx\/index.php\/wp-json\/wp\/v2\/pages\/43\/revisions"}],"predecessor-version":[{"id":1700,"href":"https:\/\/ccivyl.com.mx\/index.php\/wp-json\/wp\/v2\/pages\/43\/revisions\/1700"}],"wp:attachment":[{"href":"https:\/\/ccivyl.com.mx\/index.php\/wp-json\/wp\/v2\/media?parent=43"}],"curies":[{"name":"wp","href":"https:\/\/api.w.org\/{rel}","templated":true}]}}