{"id":67,"date":"2021-03-12T19:25:01","date_gmt":"2021-03-12T19:25:01","guid":{"rendered":"https:\/\/ccivyl.com.mx\/?page_id=67"},"modified":"2021-03-30T16:21:58","modified_gmt":"2021-03-30T16:21:58","slug":"diseno-y-modulacion-de-losas","status":"publish","type":"page","link":"https:\/\/ccivyl.com.mx\/index.php\/diseno-y-modulacion-de-losas\/","title":{"rendered":"DISE\u00d1O Y MODULACI\u00d3N DE LOSAS"},"content":{"rendered":"\t\t<div data-elementor-type=\"wp-page\" data-elementor-id=\"67\" class=\"elementor elementor-67\" data-elementor-settings=\"[]\">\n\t\t\t\t\t\t\t<div class=\"elementor-section-wrap\">\n\t\t\t\t\t\t\t<section class=\"elementor-section elementor-top-section elementor-element elementor-element-d77e047 elementor-section-boxed elementor-section-height-default elementor-section-height-default\" data-id=\"d77e047\" data-element_type=\"section\">\n\t\t\t\t\t\t<div class=\"elementor-container elementor-column-gap-default\">\n\t\t\t\t\t<div class=\"elementor-column elementor-col-100 elementor-top-column elementor-element elementor-element-87eb328\" data-id=\"87eb328\" data-element_type=\"column\">\n\t\t\t<div class=\"elementor-widget-wrap elementor-element-populated\">\n\t\t\t\t\t\t\t\t<section class=\"elementor-section elementor-inner-section elementor-element elementor-element-111aa08 elementor-section-boxed elementor-section-height-default elementor-section-height-default\" data-id=\"111aa08\" data-element_type=\"section\">\n\t\t\t\t\t\t<div class=\"elementor-container elementor-column-gap-default\">\n\t\t\t\t\t<div class=\"elementor-column elementor-col-50 elementor-inner-column elementor-element elementor-element-7d2f5dd\" data-id=\"7d2f5dd\" data-element_type=\"column\">\n\t\t\t<div class=\"elementor-widget-wrap elementor-element-populated\">\n\t\t\t\t\t\t\t\t<div class=\"elementor-element elementor-element-9f65d10 elementor-widget elementor-widget-image\" data-id=\"9f65d10\" data-element_type=\"widget\" data-widget_type=\"image.default\">\n\t\t\t\t<div class=\"elementor-widget-container\">\n\t\t\t\t\t<div class=\"elementor-image\">\n\t\t\t\t\t\t\t\t\t\t<img loading=\"lazy\" decoding=\"async\" width=\"1000\" height=\"600\" src=\"https:\/\/ccivyl.com.mx\/wp-content\/uploads\/2021\/03\/Arquitectura_Escala_Diseno_Arquitectonico.jpg\" class=\"attachment-large size-large\" alt=\"\" srcset=\"https:\/\/ccivyl.com.mx\/wp-content\/uploads\/2021\/03\/Arquitectura_Escala_Diseno_Arquitectonico.jpg 1000w, https:\/\/ccivyl.com.mx\/wp-content\/uploads\/2021\/03\/Arquitectura_Escala_Diseno_Arquitectonico-300x180.jpg 300w, https:\/\/ccivyl.com.mx\/wp-content\/uploads\/2021\/03\/Arquitectura_Escala_Diseno_Arquitectonico-768x461.jpg 768w\" sizes=\"auto, (max-width: 1000px) 100vw, 1000px\" \/>\t\t\t\t\t\t\t\t\t\t\t<\/div>\n\t\t\t\t<\/div>\n\t\t\t\t<\/div>\n\t\t\t\t\t<\/div>\n\t\t<\/div>\n\t\t\t\t<div class=\"elementor-column elementor-col-50 elementor-inner-column elementor-element elementor-element-65a14e1\" data-id=\"65a14e1\" data-element_type=\"column\">\n\t\t\t<div class=\"elementor-widget-wrap elementor-element-populated\">\n\t\t\t\t\t\t\t\t<div class=\"elementor-element elementor-element-d4c64cf elementor-widget elementor-widget-text-editor\" data-id=\"d4c64cf\" data-element_type=\"widget\" data-widget_type=\"text-editor.default\">\n\t\t\t\t<div class=\"elementor-widget-container\">\n\t\t\t\t\t<div class=\"elementor-text-editor elementor-clearfix\"><p><span style=\"vertical-align: inherit;\"><span style=\"vertical-align: inherit;\"><span style=\"vertical-align: inherit;\"><span style=\"vertical-align: inherit;\">En comercializara CCIVYL te ofrecemos dise\u00f1ar y modular tu losa, as\u00ed como cuantificar tus materiales de construcci\u00f3n para que tengas un mayor ahorro econ\u00f3mico, utilizando el sistema constructivo de vigueta y bovedilla.\u00a0<\/span><\/span><\/span><\/span><\/p><\/div>\n\t\t\t\t<\/div>\n\t\t\t\t<\/div>\n\t\t\t\t<div class=\"elementor-element elementor-element-144614a elementor-widget elementor-widget-heading\" data-id=\"144614a\" data-element_type=\"widget\" data-widget_type=\"heading.default\">\n\t\t\t\t<div class=\"elementor-widget-container\">\n\t\t\t<h2 class=\"elementor-heading-title elementor-size-large\">cont\u00e1ctanos...<\/h2>\t\t<\/div>\n\t\t\t\t<\/div>\n\t\t\t\t<div class=\"elementor-element elementor-element-438e97a elementor-shape-rounded elementor-grid-0 e-grid-align-center elementor-widget elementor-widget-social-icons\" data-id=\"438e97a\" data-element_type=\"widget\" data-widget_type=\"social-icons.default\">\n\t\t\t\t<div class=\"elementor-widget-container\">\n\t\t\t\t\t<div class=\"elementor-social-icons-wrapper elementor-grid\">\n\t\t\t\t\t\t\t<div class=\"elementor-grid-item\">\n\t\t\t\t\t<a class=\"elementor-icon elementor-social-icon elementor-social-icon-facebook elementor-repeater-item-17f72e2\" href=\"https:\/\/es-es.facebook.com\/ccivyl\/\" target=\"_blank\">\n\t\t\t\t\t\t<span class=\"elementor-screen-only\">Facebook<\/span>\n\t\t\t\t\t\t<i class=\"fab fa-facebook\"><\/i>\t\t\t\t\t<\/a>\n\t\t\t\t<\/div>\n\t\t\t\t\t\t\t<div class=\"elementor-grid-item\">\n\t\t\t\t\t<a class=\"elementor-icon elementor-social-icon elementor-social-icon-whatsapp elementor-repeater-item-3b5530d\" href=\"https:\/\/api.whatsapp.com\/send?phone=529515694026&#038;text=%C2%A1Hola!%20Solicito%20informaci%C3%B3n%20sobre%20los%20productos%20que%20comercializa%20CCIVYL.\" target=\"_blank\">\n\t\t\t\t\t\t<span class=\"elementor-screen-only\">Whatsapp<\/span>\n\t\t\t\t\t\t<i class=\"fab fa-whatsapp\"><\/i>\t\t\t\t\t<\/a>\n\t\t\t\t<\/div>\n\t\t\t\t\t<\/div>\n\t\t\t\t<\/div>\n\t\t\t\t<\/div>\n\t\t\t\t\t<\/div>\n\t\t<\/div>\n\t\t\t\t\t\t\t<\/div>\n\t\t<\/section>\n\t\t\t\t\t<\/div>\n\t\t<\/div>\n\t\t\t\t\t\t\t<\/div>\n\t\t<\/section>\n\t\t\t\t\t\t<\/div>\n\t\t\t\t\t<\/div>\n\t\t","protected":false},"excerpt":{"rendered":"<p>En comercializara CCIVYL te ofrecemos dise\u00f1ar y modular tu losa, as\u00ed como cuantificar tus materiales de construcci\u00f3n para que tengas un mayor ahorro econ\u00f3mico, utilizando el sistema constructivo de vigueta y bovedilla.\u00a0 cont\u00e1ctanos&#8230; Facebook Whatsapp<\/p>\n","protected":false},"author":1,"featured_media":0,"parent":0,"menu_order":0,"comment_status":"closed","ping_status":"closed","template":"","meta":{"footnotes":""},"class_list":["post-67","page","type-page","status-publish","hentry"],"_links":{"self":[{"href":"https:\/\/ccivyl.com.mx\/index.php\/wp-json\/wp\/v2\/pages\/67","targetHints":{"allow":["GET"]}}],"collection":[{"href":"https:\/\/ccivyl.com.mx\/index.php\/wp-json\/wp\/v2\/pages"}],"about":[{"href":"https:\/\/ccivyl.com.mx\/index.php\/wp-json\/wp\/v2\/types\/page"}],"author":[{"embeddable":true,"href":"https:\/\/ccivyl.com.mx\/index.php\/wp-json\/wp\/v2\/users\/1"}],"replies":[{"embeddable":true,"href":"https:\/\/ccivyl.com.mx\/index.php\/wp-json\/wp\/v2\/comments?post=67"}],"version-history":[{"count":31,"href":"https:\/\/ccivyl.com.mx\/index.php\/wp-json\/wp\/v2\/pages\/67\/revisions"}],"predecessor-version":[{"id":1712,"href":"https:\/\/ccivyl.com.mx\/index.php\/wp-json\/wp\/v2\/pages\/67\/revisions\/1712"}],"wp:attachment":[{"href":"https:\/\/ccivyl.com.mx\/index.php\/wp-json\/wp\/v2\/media?parent=67"}],"curies":[{"name":"wp","href":"https:\/\/api.w.org\/{rel}","templated":true}]}}